{"id":597,"date":"2012-01-17T16:36:35","date_gmt":"2012-01-17T14:36:35","guid":{"rendered":"http:\/\/springfield-racingteam.de\/?page_id=597"},"modified":"2017-02-19T19:50:55","modified_gmt":"2017-02-19T18:50:55","slug":"opel-kadett","status":"publish","type":"page","link":"https:\/\/www.springfield-racingteam.de\/?page_id=597","title":{"rendered":"Opel Kadett"},"content":{"rendered":"<p>Seit 2007 verwandeln wir einen Opel Kadett E von der Familienkutsche zum Rennwagen.<\/p>\n<p>Stage 1 stand vor allem im Zeichen der Rettung der Substanz und der optischen Versch\u00f6nerung. Highlights waren die Airbrushs der Simpsons und die vier Auspuffrohre, die sich den k\u00fcrzesten Weg aus der Motorhaube bahnten.<\/p>\n<p>Nachdem die Basis gelegt war, wollten wir nun etwas bauen, was es so noch nicht gegeben hat. Die Grundzutaten f\u00fcr jede Menge Spa\u00df sind Leistung und Heckantrieb. Beides hatte unser Kadett nicht zu bieten und so war unser Projekt geboren. Als geeignete Basis erschien uns die Technik eines Nissan 200SX, vor allem in Hinblick auf die M\u00f6glichkeiten beim Tuning. Und so\u00a0 kam es, dass wir unseren alten R\u00fcsselsheimer mit einem SR20DET-Motor und der Hinterachse eines S13 verheirateten \u2013 unsere Stage 2.<\/p>\n<p>Mit der Heirat war es nat\u00fcrlich nicht getan. In Stage 3 k\u00fcmmerten wir uns um leistungsf\u00e4higere Komponenten f\u00fcr die Kraftstoff- und die Luftversorgung und g\u00f6nnten uns ein programmierbares Steuerger\u00e4t. Leider gab es zun\u00e4chst herbe R\u00fcckschl\u00e4ge.<\/p>\n<p>In Stage 4 kr\u00f6nen wir unser Schaffen mit einem gr\u00f6\u00dferen Turbo.<\/p>\n<ul>\n<li><strong><a href=\"https:\/\/www.springfield-racingteam.de\/?cat=6\">Opel Kadett Stage 1<\/a><\/strong><\/li>\n<li><strong><a href=\"https:\/\/www.springfield-racingteam.de\/?cat=10\">Opel Kadett Stage 2<\/a><\/strong><\/li>\n<li><strong><a href=\"https:\/\/www.springfield-racingteam.de\/?cat=11\">Opel Kadett Stage 3<\/a><\/strong><\/li>\n<li><strong><a href=\"https:\/\/www.springfield-racingteam.de\/?cat=12\">Opel Kadett Stage 4<\/a><\/strong><\/li>\n<\/ul>\n<div class=\"tiled-gallery type-rectangular tiled-gallery-unresized\" data-original-width=\"584\" data-carousel-extra='null' itemscope itemtype=\"http:\/\/schema.org\/ImageGallery\" > <div class=\"gallery-row\" style=\"width: 584px; height: 280px;\" data-original-width=\"584\" data-original-height=\"280\" > <div class=\"gallery-group images-1\" style=\"width: 399px; height: 280px;\" data-original-width=\"399\" data-original-height=\"280\" > <div class=\"tiled-gallery-item tiled-gallery-item-large\" itemprop=\"associatedMedia\" itemscope itemtype=\"http:\/\/schema.org\/ImageObject\"> <a href=\"https:\/\/i0.wp.com\/www.springfield-racingteam.de\/wp-content\/uploads\/2012\/01\/Kadett_Stage1_22.jpg?ssl=1\" border=\"0\" itemprop=\"url\"> <meta itemprop=\"width\" content=\"395\"> <meta itemprop=\"height\" content=\"276\"> <img decoding=\"async\" class=\"\" data-attachment-id=\"816\" data-orig-file=\"https:\/\/www.springfield-racingteam.de\/wp-content\/uploads\/2012\/01\/Kadett_Stage1_22.jpg\" data-orig-size=\"800,559\" data-comments-opened=\"\" data-image-meta=\"{&quot;aperture&quot;:&quot;3.2&quot;,&quot;credit&quot;:&quot;&quot;,&quot;camera&quot;:&quot;DiMAGE Z10&quot;,&quot;caption&quot;:&quot;&quot;,&quot;created_timestamp&quot;:&quot;1205589364&quot;,&quot;copyright&quot;:&quot;&quot;,&quot;focal_length&quot;:&quot;6.4&quot;,&quot;iso&quot;:&quot;64&quot;,&quot;shutter_speed&quot;:&quot;0.0025&quot;,&quot;title&quot;:&quot;KONICA MINOLTA DIGITAL CAMERA&quot;}\" data-image-title=\"Ursprung\" data-image-description=\"\" data-medium-file=\"https:\/\/i0.wp.com\/www.springfield-racingteam.de\/wp-content\/uploads\/2012\/01\/Kadett_Stage1_22.jpg?fit=300%2C209&#038;ssl=1\" data-large-file=\"https:\/\/i0.wp.com\/www.springfield-racingteam.de\/wp-content\/uploads\/2012\/01\/Kadett_Stage1_22.jpg?fit=584%2C408&#038;ssl=1\" src=\"https:\/\/i0.wp.com\/www.springfield-racingteam.de\/wp-content\/uploads\/2012\/01\/Kadett_Stage1_22.jpg?w=395&#038;h=276&#038;ssl=1\" srcset=\"https:\/\/i0.wp.com\/www.springfield-racingteam.de\/wp-content\/uploads\/2012\/01\/Kadett_Stage1_22.jpg?w=800&amp;ssl=1 800w, https:\/\/i0.wp.com\/www.springfield-racingteam.de\/wp-content\/uploads\/2012\/01\/Kadett_Stage1_22.jpg?resize=300%2C209&amp;ssl=1 300w, https:\/\/i0.wp.com\/www.springfield-racingteam.de\/wp-content\/uploads\/2012\/01\/Kadett_Stage1_22.jpg?resize=429%2C300&amp;ssl=1 429w\" width=\"395\" height=\"276\" loading=\"lazy\" data-original-width=\"395\" data-original-height=\"276\" itemprop=\"http:\/\/schema.org\/image\" title=\"Ursprung\" alt=\"Ursprung\" style=\"width: 395px; height: 276px;\" \/> <\/a> <\/div> <\/div> <!-- close group --> <div class=\"gallery-group images-2\" style=\"width: 185px; height: 280px;\" data-original-width=\"185\" data-original-height=\"280\" > <div class=\"tiled-gallery-item tiled-gallery-item-small\" itemprop=\"associatedMedia\" itemscope itemtype=\"http:\/\/schema.org\/ImageObject\"> <a href=\"https:\/\/i0.wp.com\/www.springfield-racingteam.de\/wp-content\/uploads\/2012\/01\/Kadett_Stage1_151.jpg?ssl=1\" border=\"0\" itemprop=\"url\"> <meta itemprop=\"width\" content=\"181\"> <meta itemprop=\"height\" content=\"136\"> <img decoding=\"async\" class=\"\" data-attachment-id=\"815\" data-orig-file=\"https:\/\/www.springfield-racingteam.de\/wp-content\/uploads\/2012\/01\/Kadett_Stage1_151.jpg\" data-orig-size=\"800,600\" data-comments-opened=\"\" data-image-meta=\"{&quot;aperture&quot;:&quot;3.2&quot;,&quot;credit&quot;:&quot;&quot;,&quot;camera&quot;:&quot;DiMAGE Z10&quot;,&quot;caption&quot;:&quot;&quot;,&quot;created_timestamp&quot;:&quot;1209573794&quot;,&quot;copyright&quot;:&quot;&quot;,&quot;focal_length&quot;:&quot;6&quot;,&quot;iso&quot;:&quot;64&quot;,&quot;shutter_speed&quot;:&quot;0.00125&quot;,&quot;title&quot;:&quot;KONICA MINOLTA DIGITAL CAMERA&quot;}\" data-image-title=\"Frischzellenkur\" data-image-description=\"\" data-medium-file=\"https:\/\/i0.wp.com\/www.springfield-racingteam.de\/wp-content\/uploads\/2012\/01\/Kadett_Stage1_151.jpg?fit=300%2C225&#038;ssl=1\" data-large-file=\"https:\/\/i0.wp.com\/www.springfield-racingteam.de\/wp-content\/uploads\/2012\/01\/Kadett_Stage1_151.jpg?fit=584%2C438&#038;ssl=1\" src=\"https:\/\/i0.wp.com\/www.springfield-racingteam.de\/wp-content\/uploads\/2012\/01\/Kadett_Stage1_151.jpg?w=181&#038;h=136&#038;ssl=1\" srcset=\"https:\/\/i0.wp.com\/www.springfield-racingteam.de\/wp-content\/uploads\/2012\/01\/Kadett_Stage1_151.jpg?w=800&amp;ssl=1 800w, https:\/\/i0.wp.com\/www.springfield-racingteam.de\/wp-content\/uploads\/2012\/01\/Kadett_Stage1_151.jpg?resize=300%2C225&amp;ssl=1 300w, https:\/\/i0.wp.com\/www.springfield-racingteam.de\/wp-content\/uploads\/2012\/01\/Kadett_Stage1_151.jpg?resize=400%2C300&amp;ssl=1 400w\" width=\"181\" height=\"136\" loading=\"lazy\" data-original-width=\"181\" data-original-height=\"136\" itemprop=\"http:\/\/schema.org\/image\" title=\"Frischzellenkur\" alt=\"Frischzellenkur\" style=\"width: 181px; height: 136px;\" \/> <\/a> <\/div> <div class=\"tiled-gallery-item tiled-gallery-item-small\" itemprop=\"associatedMedia\" itemscope itemtype=\"http:\/\/schema.org\/ImageObject\"> <a href=\"https:\/\/i0.wp.com\/www.springfield-racingteam.de\/wp-content\/uploads\/2012\/01\/Kadett_Stage2_361.jpg?ssl=1\" border=\"0\" itemprop=\"url\"> <meta itemprop=\"width\" content=\"181\"> <meta itemprop=\"height\" content=\"136\"> <img decoding=\"async\" class=\"\" data-attachment-id=\"817\" data-orig-file=\"https:\/\/www.springfield-racingteam.de\/wp-content\/uploads\/2012\/01\/Kadett_Stage2_361.jpg\" data-orig-size=\"800,600\" data-comments-opened=\"\" data-image-meta=\"{&quot;aperture&quot;:&quot;5&quot;,&quot;credit&quot;:&quot;&quot;,&quot;camera&quot;:&quot;DMC-TZ10&quot;,&quot;caption&quot;:&quot;&quot;,&quot;created_timestamp&quot;:&quot;1306667841&quot;,&quot;copyright&quot;:&quot;&quot;,&quot;focal_length&quot;:&quot;10.3&quot;,&quot;iso&quot;:&quot;125&quot;,&quot;shutter_speed&quot;:&quot;0.0025&quot;,&quot;title&quot;:&quot;&quot;}\" data-image-title=\"Renner in Aktion\" data-image-description=\"\" data-medium-file=\"https:\/\/i0.wp.com\/www.springfield-racingteam.de\/wp-content\/uploads\/2012\/01\/Kadett_Stage2_361.jpg?fit=300%2C225&#038;ssl=1\" data-large-file=\"https:\/\/i0.wp.com\/www.springfield-racingteam.de\/wp-content\/uploads\/2012\/01\/Kadett_Stage2_361.jpg?fit=584%2C438&#038;ssl=1\" src=\"https:\/\/i0.wp.com\/www.springfield-racingteam.de\/wp-content\/uploads\/2012\/01\/Kadett_Stage2_361.jpg?w=181&#038;h=136&#038;ssl=1\" srcset=\"https:\/\/i0.wp.com\/www.springfield-racingteam.de\/wp-content\/uploads\/2012\/01\/Kadett_Stage2_361.jpg?w=800&amp;ssl=1 800w, https:\/\/i0.wp.com\/www.springfield-racingteam.de\/wp-content\/uploads\/2012\/01\/Kadett_Stage2_361.jpg?resize=300%2C225&amp;ssl=1 300w, https:\/\/i0.wp.com\/www.springfield-racingteam.de\/wp-content\/uploads\/2012\/01\/Kadett_Stage2_361.jpg?resize=400%2C300&amp;ssl=1 400w\" width=\"181\" height=\"136\" loading=\"lazy\" data-original-width=\"181\" data-original-height=\"136\" itemprop=\"http:\/\/schema.org\/image\" title=\"Renner in Aktion\" alt=\"Renner in Aktion\" style=\"width: 181px; height: 136px;\" \/> <\/a> <\/div> <\/div> <!-- close group --> <\/div> <!-- close row --> <\/div>\n","protected":false},"excerpt":{"rendered":"<p>Seit 2007 verwandeln wir einen Opel Kadett E von der Familienkutsche zum Rennwagen. Stage 1 stand vor allem im Zeichen der Rettung der Substanz und der optischen Versch\u00f6nerung. Highlights waren die Airbrushs der Simpsons und die vier Auspuffrohre, die sich &hellip; <a href=\"https:\/\/www.springfield-racingteam.de\/?page_id=597\">Weiterlesen <span class=\"meta-nav\">&rarr;<\/span><\/a><\/p>\n","protected":false},"author":4,"featured_media":0,"parent":0,"menu_order":0,"comment_status":"closed","ping_status":"closed","template":"","meta":{"footnotes":""},"class_list":["post-597","page","type-page","status-publish","hentry"],"jetpack_sharing_enabled":true,"_links":{"self":[{"href":"https:\/\/www.springfield-racingteam.de\/index.php?rest_route=\/wp\/v2\/pages\/597","targetHints":{"allow":["GET"]}}],"collection":[{"href":"https:\/\/www.springfield-racingteam.de\/index.php?rest_route=\/wp\/v2\/pages"}],"about":[{"href":"https:\/\/www.springfield-racingteam.de\/index.php?rest_route=\/wp\/v2\/types\/page"}],"author":[{"embeddable":true,"href":"https:\/\/www.springfield-racingteam.de\/index.php?rest_route=\/wp\/v2\/users\/4"}],"replies":[{"embeddable":true,"href":"https:\/\/www.springfield-racingteam.de\/index.php?rest_route=%2Fwp%2Fv2%2Fcomments&post=597"}],"version-history":[{"count":21,"href":"https:\/\/www.springfield-racingteam.de\/index.php?rest_route=\/wp\/v2\/pages\/597\/revisions"}],"predecessor-version":[{"id":1843,"href":"https:\/\/www.springfield-racingteam.de\/index.php?rest_route=\/wp\/v2\/pages\/597\/revisions\/1843"}],"wp:attachment":[{"href":"https:\/\/www.springfield-racingteam.de\/index.php?rest_route=%2Fwp%2Fv2%2Fmedia&parent=597"}],"curies":[{"name":"wp","href":"https:\/\/api.w.org\/{rel}","templated":true}]}}