{"id":605,"date":"2012-01-17T16:56:06","date_gmt":"2012-01-17T14:56:06","guid":{"rendered":"http:\/\/springfield-racingteam.de\/?page_id=605"},"modified":"2023-11-20T20:07:36","modified_gmt":"2023-11-20T19:07:36","slug":"rallye-dresden-dakar-banjul","status":"publish","type":"page","link":"https:\/\/www.springfield-racingteam.de\/?page_id=605","title":{"rendered":"Rallye Dresden-Dakar-Banjul"},"content":{"rendered":"<p><strong>Rallye Dresden-Dakar-Banjul 2023<\/strong><\/p>\n<p><a href=\"https:\/\/i0.wp.com\/www.springfield-racingteam.de\/wp-content\/uploads\/2023\/11\/IMG-20231120-WA0018.jpg?ssl=1\"><img data-recalc-dims=\"1\" loading=\"lazy\" decoding=\"async\" class=\"alignnone wp-image-3120 size-full\" src=\"https:\/\/i0.wp.com\/www.springfield-racingteam.de\/wp-content\/uploads\/2023\/11\/IMG-20231120-WA0018.jpg?resize=584%2C438&#038;ssl=1\" alt=\"\" width=\"584\" height=\"438\" srcset=\"https:\/\/i0.wp.com\/www.springfield-racingteam.de\/wp-content\/uploads\/2023\/11\/IMG-20231120-WA0018.jpg?w=1600&amp;ssl=1 1600w, https:\/\/i0.wp.com\/www.springfield-racingteam.de\/wp-content\/uploads\/2023\/11\/IMG-20231120-WA0018.jpg?resize=300%2C225&amp;ssl=1 300w, https:\/\/i0.wp.com\/www.springfield-racingteam.de\/wp-content\/uploads\/2023\/11\/IMG-20231120-WA0018.jpg?resize=1024%2C768&amp;ssl=1 1024w, https:\/\/i0.wp.com\/www.springfield-racingteam.de\/wp-content\/uploads\/2023\/11\/IMG-20231120-WA0018.jpg?resize=150%2C113&amp;ssl=1 150w, https:\/\/i0.wp.com\/www.springfield-racingteam.de\/wp-content\/uploads\/2023\/11\/IMG-20231120-WA0018.jpg?resize=768%2C576&amp;ssl=1 768w, https:\/\/i0.wp.com\/www.springfield-racingteam.de\/wp-content\/uploads\/2023\/11\/IMG-20231120-WA0018.jpg?resize=1536%2C1152&amp;ssl=1 1536w, https:\/\/i0.wp.com\/www.springfield-racingteam.de\/wp-content\/uploads\/2023\/11\/IMG-20231120-WA0018.jpg?resize=400%2C300&amp;ssl=1 400w, https:\/\/i0.wp.com\/www.springfield-racingteam.de\/wp-content\/uploads\/2023\/11\/IMG-20231120-WA0018.jpg?w=1168&amp;ssl=1 1168w\" sizes=\"auto, (max-width: 584px) 100vw, 584px\" \/><\/a><\/p>\n<p>Schon wieder sind zwei Jahre rum und das Springfield Racingteam f\u00e4hrt nach Banjul:<\/p>\n<ul>\n<li><strong><a href=\"https:\/\/www.springfield-racingteam.de\/?cat=24\">Rallye Dresden-Dakar-Banjul 2023<\/a><\/strong><\/li>\n<\/ul>\n<p><strong>Rallye Dresden-Dakar-Banjul 2021<\/strong><\/p>\n<p><a href=\"https:\/\/i0.wp.com\/www.springfield-racingteam.de\/wp-content\/uploads\/2021\/10\/20211030_0957475620859467082343124-scaled.jpg?ssl=1\"><img data-recalc-dims=\"1\" loading=\"lazy\" decoding=\"async\" class=\"alignnone size-full wp-image-2854\" src=\"https:\/\/i0.wp.com\/www.springfield-racingteam.de\/wp-content\/uploads\/2021\/10\/20211030_0957475620859467082343124-scaled.jpg?resize=584%2C779&#038;ssl=1\" alt=\"\" width=\"584\" height=\"779\" srcset=\"https:\/\/i0.wp.com\/www.springfield-racingteam.de\/wp-content\/uploads\/2021\/10\/20211030_0957475620859467082343124-scaled.jpg?w=1920&amp;ssl=1 1920w, https:\/\/i0.wp.com\/www.springfield-racingteam.de\/wp-content\/uploads\/2021\/10\/20211030_0957475620859467082343124-scaled.jpg?resize=225%2C300&amp;ssl=1 225w, https:\/\/i0.wp.com\/www.springfield-racingteam.de\/wp-content\/uploads\/2021\/10\/20211030_0957475620859467082343124-scaled.jpg?resize=768%2C1024&amp;ssl=1 768w, https:\/\/i0.wp.com\/www.springfield-racingteam.de\/wp-content\/uploads\/2021\/10\/20211030_0957475620859467082343124-scaled.jpg?resize=1152%2C1536&amp;ssl=1 1152w, https:\/\/i0.wp.com\/www.springfield-racingteam.de\/wp-content\/uploads\/2021\/10\/20211030_0957475620859467082343124-scaled.jpg?resize=1536%2C2048&amp;ssl=1 1536w, https:\/\/i0.wp.com\/www.springfield-racingteam.de\/wp-content\/uploads\/2021\/10\/20211030_0957475620859467082343124-scaled.jpg?w=1752&amp;ssl=1 1752w\" sizes=\"auto, (max-width: 584px) 100vw, 584px\" \/><\/a><br \/>\nEin Astra mit Geschichte und ein gro\u00dfer Iveco f\u00fcr Afrika, das n\u00e4chste Abenteuer f\u00fcr das Team:<\/p>\n<ul>\n<li><strong><a href=\"https:\/\/www.springfield-racingteam.de\/?cat=23\">Rallye Dresden-Dakar-Banjul 2021<\/a><\/strong><\/li>\n<\/ul>\n<p><strong>Rallye Dresden-Dakar-Banjul 2019<\/strong><\/p>\n<p><a href=\"https:\/\/i0.wp.com\/www.springfield-racingteam.de\/wp-content\/uploads\/2019\/11\/20191116_1730158438705442608061233-scaled.jpg?ssl=1\"><img data-recalc-dims=\"1\" loading=\"lazy\" decoding=\"async\" class=\"aligncenter wp-image-2501 size-large\" src=\"https:\/\/i0.wp.com\/www.springfield-racingteam.de\/wp-content\/uploads\/2019\/11\/20191116_1730158438705442608061233.jpg?resize=584%2C438&#038;ssl=1\" alt=\"\" width=\"584\" height=\"438\" srcset=\"https:\/\/i0.wp.com\/www.springfield-racingteam.de\/wp-content\/uploads\/2019\/11\/20191116_1730158438705442608061233-scaled.jpg?resize=1024%2C768&amp;ssl=1 1024w, https:\/\/i0.wp.com\/www.springfield-racingteam.de\/wp-content\/uploads\/2019\/11\/20191116_1730158438705442608061233-scaled.jpg?resize=300%2C225&amp;ssl=1 300w, https:\/\/i0.wp.com\/www.springfield-racingteam.de\/wp-content\/uploads\/2019\/11\/20191116_1730158438705442608061233-scaled.jpg?resize=768%2C576&amp;ssl=1 768w, https:\/\/i0.wp.com\/www.springfield-racingteam.de\/wp-content\/uploads\/2019\/11\/20191116_1730158438705442608061233-scaled.jpg?resize=1536%2C1152&amp;ssl=1 1536w, https:\/\/i0.wp.com\/www.springfield-racingteam.de\/wp-content\/uploads\/2019\/11\/20191116_1730158438705442608061233-scaled.jpg?resize=2048%2C1536&amp;ssl=1 2048w, https:\/\/i0.wp.com\/www.springfield-racingteam.de\/wp-content\/uploads\/2019\/11\/20191116_1730158438705442608061233-scaled.jpg?resize=400%2C300&amp;ssl=1 400w, https:\/\/i0.wp.com\/www.springfield-racingteam.de\/wp-content\/uploads\/2019\/11\/20191116_1730158438705442608061233-scaled.jpg?w=1168&amp;ssl=1 1168w, https:\/\/i0.wp.com\/www.springfield-racingteam.de\/wp-content\/uploads\/2019\/11\/20191116_1730158438705442608061233-scaled.jpg?w=1752&amp;ssl=1 1752w\" sizes=\"auto, (max-width: 584px) 100vw, 584px\" \/><\/a>Das Springfield Racingteam war mal wieder in Gambia. Gleich sechs Autos waren diesmal unterwegs:<\/p>\n<ul>\n<li><strong><a href=\"https:\/\/www.springfield-racingteam.de\/?cat=22\">Rallye Dresden-Dakar-Banjul 2019<\/a><\/strong><\/li>\n<\/ul>\n<p><strong>Rallye Dresden-Dakar-Banjul 2017<\/strong><br \/>\n<a href=\"https:\/\/i0.wp.com\/www.springfield-racingteam.de\/wp-content\/uploads\/2017\/12\/20171125_101702-1169197041.jpg?ssl=1\"><img data-recalc-dims=\"1\" loading=\"lazy\" decoding=\"async\" class=\"alignnone wp-image-2198 size-large\" src=\"https:\/\/i0.wp.com\/www.springfield-racingteam.de\/wp-content\/uploads\/2017\/12\/20171125_101702-1169197041.jpg?resize=584%2C329&#038;ssl=1\" alt=\"\" width=\"584\" height=\"329\" srcset=\"https:\/\/i0.wp.com\/www.springfield-racingteam.de\/wp-content\/uploads\/2017\/12\/20171125_101702-1169197041.jpg?resize=1024%2C576&amp;ssl=1 1024w, https:\/\/i0.wp.com\/www.springfield-racingteam.de\/wp-content\/uploads\/2017\/12\/20171125_101702-1169197041.jpg?resize=300%2C169&amp;ssl=1 300w, https:\/\/i0.wp.com\/www.springfield-racingteam.de\/wp-content\/uploads\/2017\/12\/20171125_101702-1169197041.jpg?resize=768%2C432&amp;ssl=1 768w, https:\/\/i0.wp.com\/www.springfield-racingteam.de\/wp-content\/uploads\/2017\/12\/20171125_101702-1169197041.jpg?resize=500%2C281&amp;ssl=1 500w, https:\/\/i0.wp.com\/www.springfield-racingteam.de\/wp-content\/uploads\/2017\/12\/20171125_101702-1169197041.jpg?w=1168&amp;ssl=1 1168w, https:\/\/i0.wp.com\/www.springfield-racingteam.de\/wp-content\/uploads\/2017\/12\/20171125_101702-1169197041.jpg?w=1752&amp;ssl=1 1752w\" sizes=\"auto, (max-width: 584px) 100vw, 584px\" \/><\/a><br \/>\nDer Rallye-Virus hat wieder zugeschlagen! Am 10. November 2017 rollte das Springfield Racing Team zum vierten Mal nach Gambia. Was die drei tapferen Recken mit Chrysler Voyager, BMW 3er und Ford Mondeo erlebt haben, seht ihr hier:<\/p>\n<ul>\n<li><strong><a title=\"Rallye Dresden-Dakar-Banjul 2017\" href=\"https:\/\/www.springfield-racingteam.de\/?cat=21\">Rallye Dresden-Dakar-Banjul 2017<\/a><\/strong><\/li>\n<\/ul>\n<p><strong>Rallye Dresden-Dakar-Banjul 2015<\/strong><br \/>\n<a href=\"https:\/\/i0.wp.com\/www.springfield-racingteam.de\/wp-content\/uploads\/2013\/12\/Rallye-2015-047_komp-e1508524151349.jpg?ssl=1\"><img data-recalc-dims=\"1\" loading=\"lazy\" decoding=\"async\" class=\"alignnone size-full wp-image-1794\" src=\"https:\/\/i0.wp.com\/www.springfield-racingteam.de\/wp-content\/uploads\/2013\/12\/Rallye-2015-047_komp-e1508524151349.jpg?resize=584%2C389&#038;ssl=1\" alt=\"\" width=\"584\" height=\"389\" \/><\/a><br \/>\nAm 7. November 2015 ging es ein weiteres Mal nach Afrika, um die wertvolle Arbeit der Dresden-Banjul-Organisation vor Ort zu unterst\u00fctzen. Ein Opel Omega und ein Ford Mondeo auf dem Weg nach Gambia:<\/p>\n<ul>\n<li><strong><a title=\"Rallye Dresden-Dakar-Banjul 2015\" href=\"https:\/\/www.springfield-racingteam.de\/?cat=18\">Rallye Dresden-Dakar-Banjul 2015<\/a><\/strong><\/li>\n<\/ul>\n<p><strong>Rallye Dresden-Dakar-Banjul 2013<\/strong><br \/>\n<a href=\"https:\/\/i0.wp.com\/www.springfield-racingteam.de\/wp-content\/uploads\/2013\/11\/srt0086.jpg?ssl=1\"><img data-recalc-dims=\"1\" loading=\"lazy\" decoding=\"async\" class=\"alignnone wp-image-1380 size-full\" src=\"https:\/\/i0.wp.com\/www.springfield-racingteam.de\/wp-content\/uploads\/2013\/11\/srt0086.jpg?resize=584%2C390&#038;ssl=1\" alt=\"\" width=\"584\" height=\"390\" srcset=\"https:\/\/i0.wp.com\/www.springfield-racingteam.de\/wp-content\/uploads\/2013\/11\/srt0086.jpg?w=1024&amp;ssl=1 1024w, https:\/\/i0.wp.com\/www.springfield-racingteam.de\/wp-content\/uploads\/2013\/11\/srt0086.jpg?resize=300%2C200&amp;ssl=1 300w, https:\/\/i0.wp.com\/www.springfield-racingteam.de\/wp-content\/uploads\/2013\/11\/srt0086.jpg?resize=449%2C300&amp;ssl=1 449w\" sizes=\"auto, (max-width: 584px) 100vw, 584px\" \/><\/a><br \/>\n<a href=\"https:\/\/i0.wp.com\/www.springfield-racingteam.de\/wp-content\/uploads\/2013\/11\/srt0094.jpg?ssl=1\"><img data-recalc-dims=\"1\" loading=\"lazy\" decoding=\"async\" class=\"alignnone size-full wp-image-1347\" src=\"https:\/\/i0.wp.com\/www.springfield-racingteam.de\/wp-content\/uploads\/2013\/11\/srt0094.jpg?resize=584%2C390&#038;ssl=1\" alt=\"srt009\" width=\"584\" height=\"390\" srcset=\"https:\/\/i0.wp.com\/www.springfield-racingteam.de\/wp-content\/uploads\/2013\/11\/srt0094.jpg?w=1024&amp;ssl=1 1024w, https:\/\/i0.wp.com\/www.springfield-racingteam.de\/wp-content\/uploads\/2013\/11\/srt0094.jpg?resize=300%2C200&amp;ssl=1 300w, https:\/\/i0.wp.com\/www.springfield-racingteam.de\/wp-content\/uploads\/2013\/11\/srt0094.jpg?resize=449%2C300&amp;ssl=1 449w\" sizes=\"auto, (max-width: 584px) 100vw, 584px\" \/><\/a><br \/>\nZwei Jahre nach unserem ersten W\u00fcstenabenteuer machten wir uns ein weiteres Mal f\u00fcr die gute Sache auf den Weg nach Gambia. Mit einem Ford Transit Wohnmobil (&#8222;Moes Taverne&#8220;), einem Golf II und einer Yamaha XT erlebten wir wieder spannende, begeisternde und nachdenkliche Geschichten:<\/p>\n<ul>\n<li><strong><a title=\"Rallye Dresden-Dakar-Banjul 2013\" href=\"https:\/\/www.springfield-racingteam.de\/?cat=14\">Rallye Dresden-Dakar-Banjul 2013<\/a><\/strong><\/li>\n<\/ul>\n<p><strong>Rallye Dresden-Dakar-Banjul 2011<\/strong><br \/>\n<img data-recalc-dims=\"1\" loading=\"lazy\" decoding=\"async\" class=\"aligncenter size-large wp-image-611\" title=\"Rallye_2503\" src=\"https:\/\/i0.wp.com\/www.springfield-racingteam.de\/wp-content\/uploads\/2012\/01\/Rallye_2503.jpg?resize=584%2C388&#038;ssl=1\" alt=\"\" width=\"584\" height=\"388\" srcset=\"https:\/\/i0.wp.com\/www.springfield-racingteam.de\/wp-content\/uploads\/2012\/01\/Rallye_2503.jpg?resize=1024%2C682&amp;ssl=1 1024w, https:\/\/i0.wp.com\/www.springfield-racingteam.de\/wp-content\/uploads\/2012\/01\/Rallye_2503.jpg?resize=300%2C200&amp;ssl=1 300w, https:\/\/i0.wp.com\/www.springfield-racingteam.de\/wp-content\/uploads\/2012\/01\/Rallye_2503.jpg?resize=450%2C300&amp;ssl=1 450w, https:\/\/i0.wp.com\/www.springfield-racingteam.de\/wp-content\/uploads\/2012\/01\/Rallye_2503.jpg?w=1200&amp;ssl=1 1200w\" sizes=\"auto, (max-width: 584px) 100vw, 584px\" \/><br \/>\nVom 11. November bis zum 8. Dezember 2011 sind wir zum ersten Mal bei der Rallye Dresden-Dakar-Banjul mitgefahren. Mit einem blauen BMW 524 tds sind wir 8.000 km quer durch Europa und Afrika gefahren, um am Ende das Auto f\u00fcr einen guten Zweck zu versteigern. Was wir unterwegs erlebt haben, steht in unserem 2011er Rallye-Blog:<\/p>\n<ul>\n<li><strong><a href=\"https:\/\/www.springfield-racingteam.de\/?cat=1\">Rallye Dresden-Dakar-Banjul 2011<\/a><\/strong><\/li>\n<\/ul>\n","protected":false},"excerpt":{"rendered":"<p>Rallye Dresden-Dakar-Banjul 2023 Schon wieder sind zwei Jahre rum und das Springfield Racingteam f\u00e4hrt nach Banjul: Rallye Dresden-Dakar-Banjul 2023 Rallye Dresden-Dakar-Banjul 2021 Ein Astra mit Geschichte und ein gro\u00dfer Iveco f\u00fcr Afrika, das n\u00e4chste Abenteuer f\u00fcr das Team: Rallye Dresden-Dakar-Banjul &hellip; <a href=\"https:\/\/www.springfield-racingteam.de\/?page_id=605\">Weiterlesen <span class=\"meta-nav\">&rarr;<\/span><\/a><\/p>\n","protected":false},"author":4,"featured_media":0,"parent":0,"menu_order":0,"comment_status":"closed","ping_status":"closed","template":"","meta":{"footnotes":""},"class_list":["post-605","page","type-page","status-publish","hentry"],"jetpack_sharing_enabled":true,"_links":{"self":[{"href":"https:\/\/www.springfield-racingteam.de\/index.php?rest_route=\/wp\/v2\/pages\/605","targetHints":{"allow":["GET"]}}],"collection":[{"href":"https:\/\/www.springfield-racingteam.de\/index.php?rest_route=\/wp\/v2\/pages"}],"about":[{"href":"https:\/\/www.springfield-racingteam.de\/index.php?rest_route=\/wp\/v2\/types\/page"}],"author":[{"embeddable":true,"href":"https:\/\/www.springfield-racingteam.de\/index.php?rest_route=\/wp\/v2\/users\/4"}],"replies":[{"embeddable":true,"href":"https:\/\/www.springfield-racingteam.de\/index.php?rest_route=%2Fwp%2Fv2%2Fcomments&post=605"}],"version-history":[{"count":40,"href":"https:\/\/www.springfield-racingteam.de\/index.php?rest_route=\/wp\/v2\/pages\/605\/revisions"}],"predecessor-version":[{"id":3128,"href":"https:\/\/www.springfield-racingteam.de\/index.php?rest_route=\/wp\/v2\/pages\/605\/revisions\/3128"}],"wp:attachment":[{"href":"https:\/\/www.springfield-racingteam.de\/index.php?rest_route=%2Fwp%2Fv2%2Fmedia&parent=605"}],"curies":[{"name":"wp","href":"https:\/\/api.w.org\/{rel}","templated":true}]}}